{"id":428,"date":"2021-02-17T12:15:09","date_gmt":"2021-02-17T11:15:09","guid":{"rendered":"https:\/\/fkm-tec.com\/?page_id=428"},"modified":"2024-03-26T10:17:35","modified_gmt":"2024-03-26T09:17:35","slug":"sgr-bulk-material-chute","status":"publish","type":"page","link":"https:\/\/fkm-tec.com\/en\/sgr-bulk-material-chute\/","title":{"rendered":"SGR Bulk Material Chute"},"content":{"rendered":"<p>[vc_row][vc_column width=\u201c1\/2\u201d][vc_column_text]<\/p>\n<h3>FKM<\/h3>\n<h1 class=\"produkt\">SGR<\/h1>\n<h2>Bulk Material Chute<\/h2>\n<p>[\/vc_column_text][vc_column_text]<strong>For pouring track ballast between the&nbsp;rails.<\/strong><br>\nLightweight and easy to install: The SGR ballast chute can be installed quickly and without tools. The aluminum construction with steel hooks fits perfectly on all ballast wagons used in Austria and can also be customized to your needs.[\/vc_column_text][\/vc_column][vc_column width=\u201c1\/2\u201d]<\/p><div class=\"cz_gap clr  hide_on_tablet hide_on_mobile\" style=\"height: 180px\"><\/div><div class=\"cz_gap show_on_tablet clr  show_only_tablet\" style=\"height: 0px\"><\/div><div class=\"cz_gap show_on_mobile clr\" style=\"height: 0px\"><\/div>[vc_\u200bcolumn_\u200btext el_class=\u201crechts\u201d]<span class=\"rot\">Aluminiumausf\u00fchrung<\/span>\n<p><span class=\"rot\">Einfache Montage<\/span><\/p>\n<p><span class=\"rot\">Passend f\u00fcr alle g\u00e4ngigen Schotterw\u00e4gen<\/span>[\/vc_column_text][\/vc_column][\/vc_row][vc_row][vc_column]<\/p><div class=\"cz_gap clr  hide_on_tablet hide_on_mobile\" style=\"height: 40px\"><\/div><div class=\"cz_gap show_on_tablet clr  show_only_tablet\" style=\"height: 0px\"><\/div><div class=\"cz_gap show_on_mobile clr\" style=\"height: 0px\"><\/div>[\/vc_column][\/vc_row][vc_row][vc_column width=\u201c1\/2\u201d offset=\u201cvc_hidden-md vc_\u200bhidden-\u200bsm vc_hidden-xs\u201d][vc_column_text]<div class=\"jtrt_table_MotherShipContainer\"><div class=\"jtTableContainer jtrespo-scroll  \"><div class=\"jtsettingcontainer\" style=\"display:none;position:absolute;left:-9999px;\"><textarea data-jtrt-table-id=\"1009\" id=\"jtrt_table_settings_1009\" cols=\"30\" rows=\"10\">[[[\"TECHNICAL DATA\",\"\"],[\"Material\",\"Aluminium\"],[\"Weight (aluminum design)\",\"14 kg\"]],[{\"row\":0,\"col\":0,\"visualRow\":0,\"visualCol\":0,\"prop\":0},{\"row\":0,\"col\":1,\"visualRow\":0,\"visualCol\":1,\"prop\":1},{\"row\":1,\"col\":0,\"visualRow\":1,\"visualCol\":0,\"prop\":0},{\"row\":1,\"col\":1,\"visualRow\":1,\"visualCol\":1,\"prop\":1},{\"row\":2,\"col\":0,\"visualRow\":2,\"visualCol\":0,\"prop\":0},{\"row\":2,\"col\":1,\"visualRow\":2,\"visualCol\":1,\"prop\":1}],[],[]]<\/textarea><textarea data-jtrt-table-id=\"1009\" id=\"jtrt_table_bps_1009\" cols=\"30\" rows=\"10\">[]<\/textarea><\/div><table id=\"jtrt_table_1009\" data-sorting=\"false\" data-paging=\"false\" data-paging-size=\"10\" data-paging-menu=\"10,20,50,100\" data-filtering=\"false\" data-jtrt-table-id=\"1009\" class=\"jtrt-table  \"><thead><tr><th>TECHNICAL DATA<\/th><th><\/th><\/tr><\/thead><tbody><tr><td>Material<\/td><td>Aluminium<\/td><\/tr><tr><td>Weight (aluminum design)<\/td><td>14 kg<\/td><\/tr><\/tbody><\/table><\/div><\/div>[\/vc_column_text][vc_column_text]\n<h5>APPLICATIONS<\/h5>\n<p><strong>For pouring track ballast between the rails<\/strong>[\/\u200bvc_\u200bcolumn_\u200btext]<\/p><div class=\"cz_gap clr  hide_on_tablet hide_on_mobile\" style=\"height: 20px\"><\/div><div class=\"cz_gap show_on_tablet clr  show_only_tablet\" style=\"height: 0px\"><\/div><div class=\"cz_gap show_on_mobile clr\" style=\"height: 0px\"><\/div>[vc_\u200bcolumn_\u200btext]\n<h5>ADVANTAGES<\/h5>\n<ul>\n<li>Aluminum construction with steel&nbsp;hooks<\/li>\n<li>Installs quickly without tools<\/li>\n<li>Fits all typical ballast wagons (in Austria)<\/li>\n<li>Custom designs on request<\/li>\n<\/ul>\n<p>[\/\u200bvc_\u200bcolumn_\u200btext]<\/p><div class=\"cz_gap clr  hide_on_tablet hide_on_mobile\" style=\"height: 20px\"><\/div><div class=\"cz_gap show_on_tablet clr  show_only_tablet\" style=\"height: 0px\"><\/div><div class=\"cz_gap show_on_mobile clr\" style=\"height: 0px\"><\/div><div id=\"cz_53902\" class=\"cz_53902 cz_title clr cz_title_pos_inline\"><div class=\"cz_title_content\"><div class=\"cz_wpe_content\"><h3><a href=\"https:\/\/www.youtube.com\/shorts\/z5i8HN-ZhrQ\" target=\"_blank\" rel=\"noopener\">Product-\u200bVideo (YOUTUBE)<\/a><\/h3>\n<\/div><\/div><\/div>[\/vc_column][vc_column width=\u201c1\/2\u201d offset=\u201cvc_hidden-md vc_\u200bhidden-\u200bsm vc_\u200bhidden-\u200bxs\u201d]<div class=\"cz_gap clr  hide_on_tablet hide_on_mobile\" style=\"height: 30px\"><\/div><div class=\"cz_gap show_on_tablet clr  show_only_tablet\" style=\"height: 0px\"><\/div><div class=\"cz_gap show_on_mobile clr\" style=\"height: 0px\"><\/div><div id=\"cz8800\" class=\"cz8800 slick arrows_mlr no_dots arrows_inner arrows_show_on_hover\" data-slick=\"{&quot;selector&quot;:&quot;&quot;,&quot;slidesToShow&quot;:1,&quot;slidesToScroll&quot;:1,&quot;rows&quot;:1,&quot;fade&quot;:false,&quot;vertical&quot;:false,&quot;verticalSwiping&quot;:false,&quot;infinite&quot;:true,&quot;speed&quot;:1000,&quot;swipeToSlide&quot;:true,&quot;centerMode&quot;:false,&quot;centerPadding&quot;:&quot;&quot;,&quot;variableWidth&quot;:false,&quot;autoplay&quot;:true,&quot;autoplaySpeed&quot;:3000,&quot;dots&quot;:true,&quot;adaptiveHeight&quot;:false,&quot;prevArrow&quot;:&quot;<button type=\\&quot;button\\&quot; class=\\&quot;slick-prev\\&quot;><i class=\\&quot;fa fa-chevron-left\\&quot;><\\\/i><\\\/button>&quot;,&quot;nextArrow&quot;:&quot;<button type=\\&quot;button\\&quot; class=\\&quot;slick-next\\&quot;><i class=\\&quot;fa fa-chevron-right\\&quot;><\\\/i><\\\/button>&quot;,&quot;responsive&quot;:[{&quot;breakpoint&quot;:769,&quot;settings&quot;:{&quot;slidesToShow&quot;:1,&quot;slidesToScroll&quot;:1,&quot;touchMove&quot;:true}},{&quot;breakpoint&quot;:481,&quot;settings&quot;:{&quot;slidesToShow&quot;:1,&quot;slidesToScroll&quot;:1,&quot;touchMove&quot;:true}}]}\"><div id=\"cz_79035\" class=\"cz_grid_p cz_79035\"><div class=\"cz_grid cz_grid_1 clr cz_grid_carousel cz_grid_1_no_title cz_grid_1_mid tac details\"><div class=\"cz_grid_item cz_grid_first\"><\/div><div class=\"cz_grid_item  \"><div><a class=\"cz_grid_link \" href=\"https:\/\/fkm-tec.com\/wp-content\/uploads\/2021\/02\/SGR_Hauptbild_freigestellt.jpg\"><img width=\"600\" height=\"600\" src=\"https:\/\/fkm-tec.com\/wp-content\/uploads\/2021\/02\/SGR_Hauptbild_freigestellt-600x600.jpg\" class=\"attachment-codevz_600_600\" alt decoding=\"async\" srcset=\"https:\/\/fkm-tec.com\/wp-content\/uploads\/2021\/02\/SGR_Hauptbild_freigestellt-600x600.jpg 600w, https:\/\/fkm-tec.com\/wp-content\/uploads\/2021\/02\/SGR_Hauptbild_freigestellt-150x150.jpg 150w\" sizes=\"(max-width: 600px) 100vw, 600px\"><div class=\"cz_grid_details\"><i class=\"fa fa-search cz_grid_icon\"><\/i><h3>SGR_\u200bHauptbild_\u200bfreigestellt \u2026<\/h3><\/div><div class=\"cz_grid_details2\"><\/div><\/a><\/div><\/div><div class=\"cz_grid_item  \"><div><a class=\"cz_grid_link \" href=\"https:\/\/fkm-tec.com\/wp-content\/uploads\/2021\/02\/SGR_Detail1.jpg\"><img width=\"600\" height=\"600\" src=\"https:\/\/fkm-tec.com\/wp-content\/uploads\/2021\/02\/SGR_Detail1-600x600.jpg\" class=\"attachment-codevz_600_600\" alt decoding=\"async\" srcset=\"https:\/\/fkm-tec.com\/wp-content\/uploads\/2021\/02\/SGR_Detail1-600x600.jpg 600w, https:\/\/fkm-tec.com\/wp-content\/uploads\/2021\/02\/SGR_Detail1-150x150.jpg 150w\" sizes=\"(max-width: 600px) 100vw, 600px\"><div class=\"cz_grid_details\"><i class=\"fa fa-search cz_grid_icon\"><\/i><h3>SGR_\u200bDetail1 \u2026<\/h3><\/div><div class=\"cz_grid_details2\"><\/div><\/a><\/div><\/div><div class=\"cz_grid_item  \"><div><a class=\"cz_grid_link \" href=\"https:\/\/fkm-tec.com\/wp-content\/uploads\/2021\/02\/SGR_Detail2.jpg\"><img width=\"600\" height=\"600\" src=\"https:\/\/fkm-tec.com\/wp-content\/uploads\/2021\/02\/SGR_Detail2-600x600.jpg\" class=\"attachment-codevz_600_600\" alt decoding=\"async\" srcset=\"https:\/\/fkm-tec.com\/wp-content\/uploads\/2021\/02\/SGR_Detail2-600x600.jpg 600w, https:\/\/fkm-tec.com\/wp-content\/uploads\/2021\/02\/SGR_Detail2-150x150.jpg 150w\" sizes=\"(max-width: 600px) 100vw, 600px\"><div class=\"cz_grid_details\"><i class=\"fa fa-search cz_grid_icon\"><\/i><h3>SGR_\u200bDetail2 \u2026<\/h3><\/div><div class=\"cz_grid_details2\"><\/div><\/a><\/div><\/div><div class=\"cz_grid_item  \"><div><a class=\"cz_grid_link \" href=\"https:\/\/fkm-tec.com\/wp-content\/uploads\/2021\/02\/SGR_Detail3.jpg\"><img width=\"600\" height=\"600\" src=\"https:\/\/fkm-tec.com\/wp-content\/uploads\/2021\/02\/SGR_Detail3-600x600.jpg\" class=\"attachment-codevz_600_600\" alt decoding=\"async\" srcset=\"https:\/\/fkm-tec.com\/wp-content\/uploads\/2021\/02\/SGR_Detail3-600x600.jpg 600w, https:\/\/fkm-tec.com\/wp-content\/uploads\/2021\/02\/SGR_Detail3-150x150.jpg 150w\" sizes=\"(max-width: 600px) 100vw, 600px\"><div class=\"cz_grid_details\"><i class=\"fa fa-search cz_grid_icon\"><\/i><h3>SGR_\u200bDetail3 \u2026<\/h3><\/div><div class=\"cz_grid_details2\"><\/div><\/a><\/div><\/div><div class=\"cz_grid_item  \"><div><a class=\"cz_grid_link \" href=\"https:\/\/fkm-tec.com\/wp-content\/uploads\/2021\/02\/SGR_Detail4.jpg\"><img width=\"600\" height=\"600\" src=\"https:\/\/fkm-tec.com\/wp-content\/uploads\/2021\/02\/SGR_Detail4-600x600.jpg\" class=\"attachment-codevz_600_600\" alt decoding=\"async\" srcset=\"https:\/\/fkm-tec.com\/wp-content\/uploads\/2021\/02\/SGR_Detail4-600x600.jpg 600w, https:\/\/fkm-tec.com\/wp-content\/uploads\/2021\/02\/SGR_Detail4-150x150.jpg 150w\" sizes=\"(max-width: 600px) 100vw, 600px\"><div class=\"cz_grid_details\"><i class=\"fa fa-search cz_grid_icon\"><\/i><h3>SGR_\u200bDetail4 \u2026<\/h3><\/div><div class=\"cz_grid_details2\"><\/div><\/a><\/div><\/div><\/div><\/div><\/div><div data-cz-style=\"#cz8800 .slick-prev{font-size:30px;color:#ffffff}#cz8800 .slick-next{font-size:30px;color:#ffffff}#cz8800 .slick-list{margin: 0 -5px;clip-path:inset(0 5px 0 5px)}#cz8800 .slick-slide{margin: 0 5px}\"><\/div>[\/vc_column][\/vc_row][vc_row][vc_column width=\u201c1\/2\u201d offset=\u201cvc_hidden-lg\u201d]<div id=\"cz2216\" class=\"cz2216 slick arrows_mlr no_dots arrows_inner arrows_show_on_hover\" data-slick=\"{&quot;selector&quot;:&quot;&quot;,&quot;slidesToShow&quot;:1,&quot;slidesToScroll&quot;:1,&quot;rows&quot;:1,&quot;fade&quot;:false,&quot;vertical&quot;:false,&quot;verticalSwiping&quot;:false,&quot;infinite&quot;:true,&quot;speed&quot;:1000,&quot;swipeToSlide&quot;:true,&quot;centerMode&quot;:false,&quot;centerPadding&quot;:&quot;&quot;,&quot;variableWidth&quot;:false,&quot;autoplay&quot;:true,&quot;autoplaySpeed&quot;:3000,&quot;dots&quot;:true,&quot;adaptiveHeight&quot;:false,&quot;prevArrow&quot;:&quot;<button type=\\&quot;button\\&quot; class=\\&quot;slick-prev\\&quot;><i class=\\&quot;fa fa-chevron-left\\&quot;><\\\/i><\\\/button>&quot;,&quot;nextArrow&quot;:&quot;<button type=\\&quot;button\\&quot; class=\\&quot;slick-next\\&quot;><i class=\\&quot;fa fa-chevron-right\\&quot;><\\\/i><\\\/button>&quot;,&quot;responsive&quot;:[{&quot;breakpoint&quot;:769,&quot;settings&quot;:{&quot;slidesToShow&quot;:1,&quot;slidesToScroll&quot;:1,&quot;touchMove&quot;:true}},{&quot;breakpoint&quot;:481,&quot;settings&quot;:{&quot;slidesToShow&quot;:1,&quot;slidesToScroll&quot;:1,&quot;touchMove&quot;:true}}]}\"><div id=\"cz_79035\" class=\"cz_grid_p cz_79035\"><div class=\"cz_grid cz_grid_1 clr cz_grid_carousel cz_grid_1_no_title cz_grid_1_mid tac details\"><div class=\"cz_grid_item cz_grid_first\"><\/div><div class=\"cz_grid_item  \"><div><a class=\"cz_grid_link \" href=\"https:\/\/fkm-tec.com\/wp-content\/uploads\/2021\/02\/SGR_Hauptbild_freigestellt.jpg\"><img width=\"600\" height=\"600\" src=\"https:\/\/fkm-tec.com\/wp-content\/uploads\/2021\/02\/SGR_Hauptbild_freigestellt-600x600.jpg\" class=\"attachment-codevz_600_600\" alt decoding=\"async\" srcset=\"https:\/\/fkm-tec.com\/wp-content\/uploads\/2021\/02\/SGR_Hauptbild_freigestellt-600x600.jpg 600w, https:\/\/fkm-tec.com\/wp-content\/uploads\/2021\/02\/SGR_Hauptbild_freigestellt-150x150.jpg 150w\" sizes=\"(max-width: 600px) 100vw, 600px\"><div class=\"cz_grid_details\"><i class=\"fa fa-search cz_grid_icon\"><\/i><h3>SGR_\u200bHauptbild_\u200bfreigestellt \u2026<\/h3><\/div><div class=\"cz_grid_details2\"><\/div><\/a><\/div><\/div><div class=\"cz_grid_item  \"><div><a class=\"cz_grid_link \" href=\"https:\/\/fkm-tec.com\/wp-content\/uploads\/2021\/02\/SGR_Detail1.jpg\"><img width=\"600\" height=\"600\" src=\"https:\/\/fkm-tec.com\/wp-content\/uploads\/2021\/02\/SGR_Detail1-600x600.jpg\" class=\"attachment-codevz_600_600\" alt decoding=\"async\" srcset=\"https:\/\/fkm-tec.com\/wp-content\/uploads\/2021\/02\/SGR_Detail1-600x600.jpg 600w, https:\/\/fkm-tec.com\/wp-content\/uploads\/2021\/02\/SGR_Detail1-150x150.jpg 150w\" sizes=\"(max-width: 600px) 100vw, 600px\"><div class=\"cz_grid_details\"><i class=\"fa fa-search cz_grid_icon\"><\/i><h3>SGR_\u200bDetail1 \u2026<\/h3><\/div><div class=\"cz_grid_details2\"><\/div><\/a><\/div><\/div><div class=\"cz_grid_item  \"><div><a class=\"cz_grid_link \" href=\"https:\/\/fkm-tec.com\/wp-content\/uploads\/2021\/02\/SGR_Detail2.jpg\"><img width=\"600\" height=\"600\" src=\"https:\/\/fkm-tec.com\/wp-content\/uploads\/2021\/02\/SGR_Detail2-600x600.jpg\" class=\"attachment-codevz_600_600\" alt decoding=\"async\" srcset=\"https:\/\/fkm-tec.com\/wp-content\/uploads\/2021\/02\/SGR_Detail2-600x600.jpg 600w, https:\/\/fkm-tec.com\/wp-content\/uploads\/2021\/02\/SGR_Detail2-150x150.jpg 150w\" sizes=\"(max-width: 600px) 100vw, 600px\"><div class=\"cz_grid_details\"><i class=\"fa fa-search cz_grid_icon\"><\/i><h3>SGR_\u200bDetail2 \u2026<\/h3><\/div><div class=\"cz_grid_details2\"><\/div><\/a><\/div><\/div><div class=\"cz_grid_item  \"><div><a class=\"cz_grid_link \" href=\"https:\/\/fkm-tec.com\/wp-content\/uploads\/2021\/02\/SGR_Detail3.jpg\"><img width=\"600\" height=\"600\" src=\"https:\/\/fkm-tec.com\/wp-content\/uploads\/2021\/02\/SGR_Detail3-600x600.jpg\" class=\"attachment-codevz_600_600\" alt decoding=\"async\" srcset=\"https:\/\/fkm-tec.com\/wp-content\/uploads\/2021\/02\/SGR_Detail3-600x600.jpg 600w, https:\/\/fkm-tec.com\/wp-content\/uploads\/2021\/02\/SGR_Detail3-150x150.jpg 150w\" sizes=\"(max-width: 600px) 100vw, 600px\"><div class=\"cz_grid_details\"><i class=\"fa fa-search cz_grid_icon\"><\/i><h3>SGR_\u200bDetail3 \u2026<\/h3><\/div><div class=\"cz_grid_details2\"><\/div><\/a><\/div><\/div><div class=\"cz_grid_item  \"><div><a class=\"cz_grid_link \" href=\"https:\/\/fkm-tec.com\/wp-content\/uploads\/2021\/02\/SGR_Detail4.jpg\"><img width=\"600\" height=\"600\" src=\"https:\/\/fkm-tec.com\/wp-content\/uploads\/2021\/02\/SGR_Detail4-600x600.jpg\" class=\"attachment-codevz_600_600\" alt decoding=\"async\" srcset=\"https:\/\/fkm-tec.com\/wp-content\/uploads\/2021\/02\/SGR_Detail4-600x600.jpg 600w, https:\/\/fkm-tec.com\/wp-content\/uploads\/2021\/02\/SGR_Detail4-150x150.jpg 150w\" sizes=\"(max-width: 600px) 100vw, 600px\"><div class=\"cz_grid_details\"><i class=\"fa fa-search cz_grid_icon\"><\/i><h3>SGR_\u200bDetail4 \u2026<\/h3><\/div><div class=\"cz_grid_details2\"><\/div><\/a><\/div><\/div><\/div><\/div><\/div><div data-cz-style=\"#cz2216 .slick-prev{font-size:30px;color:#ffffff}#cz2216 .slick-next{font-size:30px;color:#ffffff}#cz2216 .slick-list{margin: 0 -5px;clip-path:inset(0 5px 0 5px)}#cz2216 .slick-slide{margin: 0 5px}\"><\/div>[\/vc_column][vc_column width=\u201c1\/2\u201d offset=\u201cvc_hidden-lg\u201d]<div class=\"cz_gap clr \" style=\"height: 20px\"><\/div>[vc_\u200bcolumn_\u200btext]<div class=\"jtrt_table_MotherShipContainer\"><div class=\"jtTableContainer jtrespo-scroll  \"><div class=\"jtsettingcontainer\" style=\"display:none;position:absolute;left:-9999px;\"><textarea data-jtrt-table-id=\"1009\" id=\"jtrt_table_settings_1009\" cols=\"30\" rows=\"10\">[[[\"TECHNICAL DATA\",\"\"],[\"Material\",\"Aluminium\"],[\"Weight (aluminum design)\",\"14 kg\"]],[{\"row\":0,\"col\":0,\"visualRow\":0,\"visualCol\":0,\"prop\":0},{\"row\":0,\"col\":1,\"visualRow\":0,\"visualCol\":1,\"prop\":1},{\"row\":1,\"col\":0,\"visualRow\":1,\"visualCol\":0,\"prop\":0},{\"row\":1,\"col\":1,\"visualRow\":1,\"visualCol\":1,\"prop\":1},{\"row\":2,\"col\":0,\"visualRow\":2,\"visualCol\":0,\"prop\":0},{\"row\":2,\"col\":1,\"visualRow\":2,\"visualCol\":1,\"prop\":1}],[],[]]<\/textarea><textarea data-jtrt-table-id=\"1009\" id=\"jtrt_table_bps_1009\" cols=\"30\" rows=\"10\">[]<\/textarea><\/div><table id=\"jtrt_table_1009\" data-sorting=\"false\" data-paging=\"false\" data-paging-size=\"10\" data-paging-menu=\"10,20,50,100\" data-filtering=\"false\" data-jtrt-table-id=\"1009\" class=\"jtrt-table  \"><thead><tr><th>TECHNICAL DATA<\/th><th><\/th><\/tr><\/thead><tbody><tr><td>Material<\/td><td>Aluminium<\/td><\/tr><tr><td>Weight (aluminum design)<\/td><td>14 kg<\/td><\/tr><\/tbody><\/table><\/div><\/div>[\/vc_column_text][vc_column_text]\n<h5>APPLICATIONS<\/h5>\n<p><strong>For pouring track ballast between the rails<\/strong>[\/\u200bvc_\u200bcolumn_\u200btext]<\/p><div class=\"cz_gap clr \" style=\"height: 20px\"><\/div>[vc_\u200bcolumn_\u200btext]\n<h5>ADVANTAGES<\/h5>\n<ul>\n<li>Aluminum construction with steel&nbsp;hooks<\/li>\n<li>Installs quickly without tools<\/li>\n<li>Fits all typical ballast wagons (in Austria)<\/li>\n<li>Custom designs on request<\/li>\n<\/ul>\n<p>[\/\u200bvc_\u200bcolumn_\u200btext]<\/p><div class=\"cz_gap clr  hide_on_tablet hide_on_mobile\" style=\"height: 20px\"><\/div><div class=\"cz_gap show_on_tablet clr  show_only_tablet\" style=\"height: 0px\"><\/div><div class=\"cz_gap show_on_mobile clr\" style=\"height: 0px\"><\/div><div id=\"cz_53902\" class=\"cz_53902 cz_title clr cz_title_pos_inline\"><div class=\"cz_title_content\"><div class=\"cz_wpe_content\"><h3><a href=\"https:\/\/www.youtube.com\/shorts\/z5i8HN-ZhrQ\" target=\"_blank\" rel=\"noopener\">Product-\u200bVideo (YOUTUBE)<\/a><\/h3>\n<\/div><\/div><\/div>[\/vc_column][\/vc_row]\n","protected":false},"excerpt":{"rendered":"<p>For pouring track ballast between the&nbsp;rails&nbsp;\u2026&nbsp;<\/p>\n","protected":false},"author":1,"featured_media":0,"parent":0,"menu_order":0,"comment_status":"closed","ping_status":"open","template":"","meta":{"inline_featured_image":false,"wp_typography_post_enhancements_disabled":false},"yoast_head":"<!-- This site is optimized with the Yoast SEO plugin v21.0 - https:\/\/yoast.com\/wordpress\/plugins\/seo\/ -->\n<title>SGR Bulk Material Chute - FKM Schleifsystemtechnik GmbH<\/title>\n<meta name=\"description\" content=\"For pouring track ballast between the rails\" \/>\n<meta name=\"robots\" content=\"index, follow, max-snippet:-1, max-image-preview:large, max-video-preview:-1\" \/>\n<link rel=\"canonical\" href=\"https:\/\/fkm-tec.com\/en\/sgr-bulk-material-chute\/\" \/>\n<meta property=\"og:locale\" content=\"en_US\" \/>\n<meta property=\"og:type\" content=\"article\" \/>\n<meta property=\"og:title\" content=\"SGR Bulk Material Chute - FKM Schleifsystemtechnik GmbH\" \/>\n<meta property=\"og:description\" content=\"For pouring track ballast between the rails\" \/>\n<meta property=\"og:url\" content=\"https:\/\/fkm-tec.com\/en\/sgr-bulk-material-chute\/\" \/>\n<meta property=\"og:site_name\" content=\"FKM Schleifsystemtechnik GmbH\" \/>\n<meta property=\"article:modified_time\" content=\"2024-03-26T09:17:35+00:00\" \/>\n<meta property=\"og:image\" content=\"https:\/\/fkm-tec.com\/wp-content\/uploads\/2021\/03\/facebook.jpg\" \/>\n\t<meta property=\"og:image:width\" content=\"1200\" \/>\n\t<meta property=\"og:image:height\" content=\"630\" \/>\n\t<meta property=\"og:image:type\" content=\"image\/jpeg\" \/>\n<meta name=\"twitter:card\" content=\"summary_large_image\" \/>\n<meta name=\"twitter:label1\" content=\"Est. reading time\" \/>\n\t<meta name=\"twitter:data1\" content=\"2 minutes\" \/>\n<script type=\"application\/ld+json\" class=\"yoast-schema-graph\">{\"@context\":\"https:\/\/schema.org\",\"@graph\":[{\"@type\":\"WebPage\",\"@id\":\"https:\/\/fkm-tec.com\/en\/sgr-bulk-material-chute\/\",\"url\":\"https:\/\/fkm-tec.com\/en\/sgr-bulk-material-chute\/\",\"name\":\"SGR Bulk Material Chute - FKM Schleifsystemtechnik GmbH\",\"isPartOf\":{\"@id\":\"https:\/\/fkm-tec.com\/#website\"},\"datePublished\":\"2021-02-17T11:15:09+00:00\",\"dateModified\":\"2024-03-26T09:17:35+00:00\",\"description\":\"For pouring track ballast between the rails\",\"breadcrumb\":{\"@id\":\"https:\/\/fkm-tec.com\/en\/sgr-bulk-material-chute\/#breadcrumb\"},\"inLanguage\":\"en-US\",\"potentialAction\":[{\"@type\":\"ReadAction\",\"target\":[\"https:\/\/fkm-tec.com\/en\/sgr-bulk-material-chute\/\"]}]},{\"@type\":\"BreadcrumbList\",\"@id\":\"https:\/\/fkm-tec.com\/en\/sgr-bulk-material-chute\/#breadcrumb\",\"itemListElement\":[{\"@type\":\"ListItem\",\"position\":1,\"name\":\"Startseite\",\"item\":\"https:\/\/fkm-tec.com\/en\/\"},{\"@type\":\"ListItem\",\"position\":2,\"name\":\"SGR Bulk Material Chute\"}]},{\"@type\":\"WebSite\",\"@id\":\"https:\/\/fkm-tec.com\/#website\",\"url\":\"https:\/\/fkm-tec.com\/\",\"name\":\"FKM Schleifsystemtechnik GmbH\",\"description\":\"FKM Schleifsystemtechnik GmbH\",\"potentialAction\":[{\"@type\":\"SearchAction\",\"target\":{\"@type\":\"EntryPoint\",\"urlTemplate\":\"https:\/\/fkm-tec.com\/?s={search_term_string}\"},\"query-input\":\"required name=search_term_string\"}],\"inLanguage\":\"en-US\"}]}<\/script>\n<!-- \/ Yoast SEO plugin. -->","yoast_head_json":{"title":"SGR Bulk Material Chute - FKM Schleifsystemtechnik GmbH","description":"For pouring track ballast between the rails","robots":{"index":"index","follow":"follow","max-snippet":"max-snippet:-1","max-image-preview":"max-image-preview:large","max-video-preview":"max-video-preview:-1"},"canonical":"https:\/\/fkm-tec.com\/en\/sgr-bulk-material-chute\/","og_locale":"en_US","og_type":"article","og_title":"SGR Bulk Material Chute - FKM Schleifsystemtechnik GmbH","og_description":"For pouring track ballast between the rails","og_url":"https:\/\/fkm-tec.com\/en\/sgr-bulk-material-chute\/","og_site_name":"FKM Schleifsystemtechnik GmbH","article_modified_time":"2024-03-26T09:17:35+00:00","og_image":[{"width":1200,"height":630,"url":"https:\/\/fkm-tec.com\/wp-content\/uploads\/2021\/03\/facebook.jpg","type":"image\/jpeg"}],"twitter_card":"summary_large_image","twitter_misc":{"Est. reading time":"2 minutes"},"schema":{"@context":"https:\/\/schema.org","@graph":[{"@type":"WebPage","@id":"https:\/\/fkm-tec.com\/en\/sgr-bulk-material-chute\/","url":"https:\/\/fkm-tec.com\/en\/sgr-bulk-material-chute\/","name":"SGR Bulk Material Chute - FKM Schleifsystemtechnik GmbH","isPartOf":{"@id":"https:\/\/fkm-tec.com\/#website"},"datePublished":"2021-02-17T11:15:09+00:00","dateModified":"2024-03-26T09:17:35+00:00","description":"For pouring track ballast between the rails","breadcrumb":{"@id":"https:\/\/fkm-tec.com\/en\/sgr-bulk-material-chute\/#breadcrumb"},"inLanguage":"en-US","potentialAction":[{"@type":"ReadAction","target":["https:\/\/fkm-tec.com\/en\/sgr-bulk-material-chute\/"]}]},{"@type":"BreadcrumbList","@id":"https:\/\/fkm-tec.com\/en\/sgr-bulk-material-chute\/#breadcrumb","itemListElement":[{"@type":"ListItem","position":1,"name":"Startseite","item":"https:\/\/fkm-tec.com\/en\/"},{"@type":"ListItem","position":2,"name":"SGR Bulk Material Chute"}]},{"@type":"WebSite","@id":"https:\/\/fkm-tec.com\/#website","url":"https:\/\/fkm-tec.com\/","name":"FKM Schleifsystemtechnik GmbH","description":"FKM Schleifsystemtechnik GmbH","potentialAction":[{"@type":"SearchAction","target":{"@type":"EntryPoint","urlTemplate":"https:\/\/fkm-tec.com\/?s={search_term_string}"},"query-input":"required name=search_term_string"}],"inLanguage":"en-US"}]}},"_links":{"self":[{"href":"https:\/\/fkm-tec.com\/en\/wp-json\/wp\/v2\/pages\/428"}],"collection":[{"href":"https:\/\/fkm-tec.com\/en\/wp-json\/wp\/v2\/pages"}],"about":[{"href":"https:\/\/fkm-tec.com\/en\/wp-json\/wp\/v2\/types\/page"}],"author":[{"embeddable":true,"href":"https:\/\/fkm-tec.com\/en\/wp-json\/wp\/v2\/users\/1"}],"replies":[{"embeddable":true,"href":"https:\/\/fkm-tec.com\/en\/wp-json\/wp\/v2\/comments?post=428"}],"version-history":[{"count":2,"href":"https:\/\/fkm-tec.com\/en\/wp-json\/wp\/v2\/pages\/428\/revisions"}],"predecessor-version":[{"id":7561,"href":"https:\/\/fkm-tec.com\/en\/wp-json\/wp\/v2\/pages\/428\/revisions\/7561"}],"wp:attachment":[{"href":"https:\/\/fkm-tec.com\/en\/wp-json\/wp\/v2\/media?parent=428"}],"curies":[{"name":"wp","href":"https:\/\/api.w.org\/{rel}","templated":true}]}}